{"id":1722,"date":"2024-09-16T14:51:44","date_gmt":"2024-09-16T12:51:44","guid":{"rendered":"https:\/\/naobay.com\/privacy-policy\/"},"modified":"2024-09-25T13:00:58","modified_gmt":"2024-09-25T11:00:58","slug":"privacy-policy","status":"publish","type":"page","link":"https:\/\/naobay.com\/en\/privacy-policy\/","title":{"rendered":"Privacy policy"},"content":{"rendered":"<h1>POL\u00cdTICA DE PRIVACIDAD<\/h1>\n<p>Naturchem, S.L., informs users of its website https:\/\/naobay.com through this Privacy Policy on the processing and protection of personal data of users that may be collected through their browsing or contracting services performed on this site.<br \/>\nThe use of this website by the user implies the acceptance of this Privacy Policy. <\/p>\n<p>Naturchem, S.L, adopta las medidas necesarias para garantizar la seguridad, integridad y confidencialidad de los datos conforme a lo establecido en el Reglamento (UE) 2016\/679 del Parlamento Europeo y del Consejo, de 27 de abril de 2016, relativo a la protecci\u00f3n de las personas f\u00edsicas en lo que respecta al tratamiento de datos personales y a la libre circulaci\u00f3n de los mismos, y en aquello no previsto por \u00e9ste por la Ley Org\u00e1nica 3\/2018 de 5 de diciembre, de Protecci\u00f3n de Datos Personales y garant\u00eda de los derechos digitales, el Real Decreto 1720\/2007, de 21 de diciembre, por el que se aprueba el Reglamento de desarrollo de la Ley Org\u00e1nica de Protecci\u00f3n de Datos, y la Ley 34\/2002, de 11 de julio, de Servicios de la Sociedad de la Informaci\u00f3n y de Comercio Electr\u00f3nico.<br \/> Mediante los formularios de registro del presente sitio web o el env\u00edo de correo electr\u00f3nico se recogen y tratan datos personales de cada usuario\/a que son necesarios para la gesti\u00f3n y mantenimiento de algunos de los servicios prestados y cuyo tratamiento se rige por la presente Pol\u00edtica de Privacidad.<\/p>\n<h2>RESPONSABLE DEL TRATAMIENTO DE LOS DATOS PERSONALES<\/h2>\n<p>El responsable del tratamiento de los datos personales que el usuario\/a facilite al acceder y utilizar el sitio web es, en calidad de propietario, Naturchem, S.L. con NIF\/CIF B97685523, con domicilio social a estos efectos en Massanassa, inscrita en el Registro Mercantil de Valencia.<br \/> Naturchem, S.L., se compromete a aplicar las medidas de seguridad inform\u00e1tica previstas en la normativa citada previamente, con el objetivo de impedir el acceso o uso indebido de los datos, su manipulaci\u00f3n, deterioro o p\u00e9rdida.<\/p>\n<h2>DURACI\u00d3N DEL ALMACENAMIENTO DE LOS DATOS<\/h2>\n<p>Naturchem, S.L., como responsable del tratamiento, se compromete a almacenar y gestionar los datos personales e informaci\u00f3n recogida mediante esta p\u00e1gina web con la debida confidencialidad mientras se mantenga la relaci\u00f3n profesional surgida y la persona interesada no solicite su supresi\u00f3n, y en su caso, por un plazo no superior a 5 a\u00f1os, a contar desde la finalizaci\u00f3n de la relaci\u00f3n comercial establecida entre el usuario\/a y, Naturchem, S.L.. No obstante, el responsable del tratamiento podr\u00e1 conservar, debidamente bloqueados, los datos para atender posibles responsabilidades administrativas o jurisdiccionales. <\/p>\n<h2>FINALIDADES DEL TRATAMIENTO DE DATOS<\/h2>\n<p>Las operaciones, gestiones y procedimientos t\u00e9cnicos, ya sean realizados de forma automatizada como no automatizada, que posibiliten la recogida, almacenamiento, modificaci\u00f3n, transferencia y otras acciones sobre datos de car\u00e1cter personal, tienen la consideraci\u00f3n de tratamiento de datos personales.<br \/> En Naturchem, S.L., tratamos los datos personales que el usuario\/a nos facilita a trav\u00e9s de Naturchem, S.L. con el fin de incluirlos en la agenda de contactos, gestionar la relaci\u00f3n comercial solicitada y utilizar as\u00ed esta informaci\u00f3n como medio de contacto de dicha empresa. Adem\u00e1s, el tratamiento de estos datos recabados tambi\u00e9n implica gestionar el env\u00edo de la informaci\u00f3n que nos sea solicitada y poder responder a las consultas o cuestiones que el usuario\/a remita a trav\u00e9s del sitio web, facilitando a su vez a las personas interesadas las ofertas de servicios que sean de su inter\u00e9s. <br \/> Los campos de los registros se deben cumplimentar obligatoriamente para que Naturchem, S.L. pueda cumplir con las finalidades mencionadas con anterioridad.<br \/> El usuario\/a puede oponerse al env\u00edo de comunicaciones comerciales en cualquier momento mediante el env\u00edo de un mensaje de correo electr\u00f3nico a la direcci\u00f3n indicada supra l\u00edneas.<\/p>\n<h2>LEGITIMACI\u00d3N PARA EL TRATAMIENTO DE LOS DATOS<\/h2>\n<p>El tratamiento de los datos personales que proporciona el usuario\/a se realiza en base a las siguientes bases jur\u00eddicas que legitiman el mismo:<br \/>La contrataci\u00f3n de servicios de Naturchem, S.L. y la ejecuci\u00f3n del encargo profesional solicitado, cuyos t\u00e9rminos y condiciones se pondr\u00e1n a disposici\u00f3n del usuario\/a de forma previa a una eventual contrataci\u00f3n. Para poder llevar a cabo esta relaci\u00f3n profesional solicitada, el interesado\/a est\u00e1 obligado a facilitar sus datos. <br \/> El consentimiento libre, espec\u00edfico, informado e inequ\u00edvoco, ya que tras la lectura de la presente Pol\u00edtica de Privacidad el usuario\/a queda informado y, en caso de estar conforme, puede aceptarla mediante una declaraci\u00f3n o una clara acci\u00f3n afirmativa, como el marcado de una casilla que se dispone al efecto.<br \/> En el caso de que el interesado\/a no facilite los citados datos o \u00e9stos sean err\u00f3neos o inexactos, no podremos atender su solicitud, resultando imposible proporcionarle la informaci\u00f3n solicitada o llevar a cabo la contrataci\u00f3n de los servicios. Por tanto, el responsable del tratamiento, Naturchem, S.L., quedar\u00e1 exonerado de toda responsabilidad que pudiera derivarse de la no ejecuci\u00f3n del encargo profesional o de las consecuencias que se deriven de estas informaciones inexactas o err\u00f3neas. <\/p>\n<h2>COMUNICACI\u00d3N DE DATOS<\/h2>\n<p>Con car\u00e1cter general, Naturchem, S.L. no comunicar\u00e1 estos datos personales a terceros, con la salvedad de que la prestaci\u00f3n de un servicio implique la necesidad de una relaci\u00f3n contractual con un encargado de tratamiento y ello sea estrictamente necesario para gestionar y mantener la relaci\u00f3n entre el usuario\/a y la mencionada empresa, previa autorizaci\u00f3n expresa por parte del usuario\/a. Esto se har\u00e1 s\u00f3lo durante el tiempo imprescindible para posibilitar la ejecuci\u00f3n del contrato de encargo, y en las mismas condiciones y con las mismas responsabilidades que se le exigen al responsable. Una vez finalizado el encargo, el encargado del tratamiento devolver\u00e1 al responsable los datos personales y suprimir\u00e1 cualquier copia de la que disponga.  <br \/> Por otra parte, s\u00f3lo tendr\u00e1n derecho a acceder a estos datos personales los terceros con los que Naturchem, S.L. tenga una obligaci\u00f3n legal o contractual de facilitarlos, entre los que se incluyen, por ejemplo, el Defensor del Pueblo y Jueces y Tribunales interesados en los procedimientos relacionados con las reclamaciones presentadas.<\/p>\n<h2>DERECHOS DE LOS INTERESADOS<\/h2>\n<p>El usuario\/a podr\u00e1 ejercitar en todo momento, en los t\u00e9rminos establecidos en la legislaci\u00f3n vigente, los derechos de acceso, rectificaci\u00f3n o supresi\u00f3n de datos, solicitar que se limite el tratamiento, oponerse al mismo, solicitar la portabilidad de sus datos, as\u00ed como revocar el consentimiento prestado, derechos reconocidos en el citado Reglamento (UE). El ejercicio de estos derechos puede realizarlo el propio usuario\/a dirigi\u00e9ndose a, Naturchem, S.L. en la direcci\u00f3n de su sede social indicada anteriormente; a trav\u00e9s del env\u00edo de un correo electr\u00f3nico a la siguiente direcci\u00f3n info@naturchem.es o a la direcci\u00f3n postal C\/Bra\u00e7 de Pepa n\u00ba1, 46470 MASSANASSA, Valencia (Espa\u00f1a). <br \/> Para el efectivo ejercicio de estos derechos, el usuario\/a deber\u00e1 acreditar su identidad facilitando su nombre y apellidos, fotocopia del DNI o documento identificativo equivalente que acredite su identidad, petici\u00f3n en la que se concrete la solicitud, direcci\u00f3n a efectos de notificaciones, y fecha y firma del solicitante.<br \/> Asimismo, el usuario\/a podr\u00e1 reclamar ante la Agencia Espa\u00f1ola de Protecci\u00f3n de Datos (Autoridad de Control competente en esta materia), especialmente cuando no haya obtenido satisfacci\u00f3n en el ejercicio de sus derechos, mediante escrito dirigido a misma, C\/Jorge Juan, n\u00ba 6, 28001 \u2013 Madrid, o a trav\u00e9s de la web: https:\/\/www.agpd.es.<\/p>\n","protected":false},"excerpt":{"rendered":"<p>POL\u00cdTICA DE PRIVACIDAD Naturchem, S.L., informs users of its website https:\/\/naobay.com through this Privacy Policy on the processing and protection of personal data of users that may be collected through&#8230;<\/p>\n","protected":false},"author":1,"featured_media":0,"parent":0,"menu_order":0,"comment_status":"closed","ping_status":"closed","template":"custom-page-templates\/legales.php","meta":{"footnotes":""},"class_list":["post-1722","page","type-page","status-publish"],"acf":[],"yoast_head":"<!-- This site is optimized with the Yoast SEO plugin v27.3 - https:\/\/yoast.com\/product\/yoast-seo-wordpress\/ -->\n<title>Pol\u00edtica de Privacidad Naobay: Protecci\u00f3n de Datos<\/title>\n<meta name=\"description\" content=\"Consulta la Pol\u00edtica de Privacidad de Naobay para conocer c\u00f3mo tratamos los datos personales de nuestros usuarios conforme a la normativa de protecci\u00f3n de datos.\" \/>\n<meta name=\"robots\" content=\"index, follow, max-snippet:-1, max-image-preview:large, max-video-preview:-1\" \/>\n<link rel=\"canonical\" href=\"https:\/\/naobay.com\/en\/privacy-policy\/\" \/>\n<meta property=\"og:locale\" content=\"en_US\" \/>\n<meta property=\"og:type\" content=\"article\" \/>\n<meta property=\"og:title\" content=\"Pol\u00edtica de Privacidad Naobay: Protecci\u00f3n de Datos\" \/>\n<meta property=\"og:description\" content=\"Consulta la Pol\u00edtica de Privacidad de Naobay para conocer c\u00f3mo tratamos los datos personales de nuestros usuarios conforme a la normativa de protecci\u00f3n de datos.\" \/>\n<meta property=\"og:url\" content=\"https:\/\/naobay.com\/en\/privacy-policy\/\" \/>\n<meta property=\"og:site_name\" content=\"Naobay\" \/>\n<meta property=\"article:publisher\" content=\"https:\/\/www.facebook.com\/naobaycosmetics\" \/>\n<meta property=\"article:modified_time\" content=\"2024-09-25T11:00:58+00:00\" \/>\n<meta name=\"twitter:card\" content=\"summary_large_image\" \/>\n<meta name=\"twitter:label1\" content=\"Est. reading time\" \/>\n\t<meta name=\"twitter:data1\" content=\"6 minutes\" \/>\n<script type=\"application\/ld+json\" class=\"yoast-schema-graph\">{\"@context\":\"https:\\\/\\\/schema.org\",\"@graph\":[{\"@type\":\"WebPage\",\"@id\":\"https:\\\/\\\/naobay.com\\\/en\\\/privacy-policy\\\/\",\"url\":\"https:\\\/\\\/naobay.com\\\/en\\\/privacy-policy\\\/\",\"name\":\"Pol\u00edtica de Privacidad Naobay: Protecci\u00f3n de Datos\",\"isPartOf\":{\"@id\":\"https:\\\/\\\/naobay.com\\\/en\\\/#website\"},\"datePublished\":\"2024-09-16T12:51:44+00:00\",\"dateModified\":\"2024-09-25T11:00:58+00:00\",\"description\":\"Consulta la Pol\u00edtica de Privacidad de Naobay para conocer c\u00f3mo tratamos los datos personales de nuestros usuarios conforme a la normativa de protecci\u00f3n de datos.\",\"breadcrumb\":{\"@id\":\"https:\\\/\\\/naobay.com\\\/en\\\/privacy-policy\\\/#breadcrumb\"},\"inLanguage\":\"en-US\",\"potentialAction\":[{\"@type\":\"ReadAction\",\"target\":[\"https:\\\/\\\/naobay.com\\\/en\\\/privacy-policy\\\/\"]}]},{\"@type\":\"BreadcrumbList\",\"@id\":\"https:\\\/\\\/naobay.com\\\/en\\\/privacy-policy\\\/#breadcrumb\",\"itemListElement\":[{\"@type\":\"ListItem\",\"position\":1,\"name\":\"Portada\",\"item\":\"https:\\\/\\\/naobay.com\\\/en\\\/home\\\/\"},{\"@type\":\"ListItem\",\"position\":2,\"name\":\"Privacy policy\"}]},{\"@type\":\"WebSite\",\"@id\":\"https:\\\/\\\/naobay.com\\\/en\\\/#website\",\"url\":\"https:\\\/\\\/naobay.com\\\/en\\\/\",\"name\":\"Naobay - Cosmetica Organica Certificada\",\"description\":\"Cosm\u00e9tica Org\u00e1nica\",\"publisher\":{\"@id\":\"https:\\\/\\\/naobay.com\\\/en\\\/#organization\"},\"potentialAction\":[{\"@type\":\"SearchAction\",\"target\":{\"@type\":\"EntryPoint\",\"urlTemplate\":\"https:\\\/\\\/naobay.com\\\/en\\\/?s={search_term_string}\"},\"query-input\":{\"@type\":\"PropertyValueSpecification\",\"valueRequired\":true,\"valueName\":\"search_term_string\"}}],\"inLanguage\":\"en-US\"},{\"@type\":\"Organization\",\"@id\":\"https:\\\/\\\/naobay.com\\\/en\\\/#organization\",\"name\":\"Naobay\",\"url\":\"https:\\\/\\\/naobay.com\\\/en\\\/\",\"logo\":{\"@type\":\"ImageObject\",\"inLanguage\":\"en-US\",\"@id\":\"https:\\\/\\\/naobay.com\\\/en\\\/#\\\/schema\\\/logo\\\/image\\\/\",\"url\":\"https:\\\/\\\/naobay.com\\\/wp-content\\\/uploads\\\/2024\\\/09\\\/Naobay-Logo-Dark.svg\",\"contentUrl\":\"https:\\\/\\\/naobay.com\\\/wp-content\\\/uploads\\\/2024\\\/09\\\/Naobay-Logo-Dark.svg\",\"width\":1,\"height\":1,\"caption\":\"Naobay\"},\"image\":{\"@id\":\"https:\\\/\\\/naobay.com\\\/en\\\/#\\\/schema\\\/logo\\\/image\\\/\"},\"sameAs\":[\"https:\\\/\\\/www.facebook.com\\\/naobaycosmetics\",\"https:\\\/\\\/www.instagram.com\\\/naobaycosmetics\\\/\"]}]}<\/script>\n<!-- \/ Yoast SEO plugin. -->","yoast_head_json":{"title":"Pol\u00edtica de Privacidad Naobay: Protecci\u00f3n de Datos","description":"Consulta la Pol\u00edtica de Privacidad de Naobay para conocer c\u00f3mo tratamos los datos personales de nuestros usuarios conforme a la normativa de protecci\u00f3n de datos.","robots":{"index":"index","follow":"follow","max-snippet":"max-snippet:-1","max-image-preview":"max-image-preview:large","max-video-preview":"max-video-preview:-1"},"canonical":"https:\/\/naobay.com\/en\/privacy-policy\/","og_locale":"en_US","og_type":"article","og_title":"Pol\u00edtica de Privacidad Naobay: Protecci\u00f3n de Datos","og_description":"Consulta la Pol\u00edtica de Privacidad de Naobay para conocer c\u00f3mo tratamos los datos personales de nuestros usuarios conforme a la normativa de protecci\u00f3n de datos.","og_url":"https:\/\/naobay.com\/en\/privacy-policy\/","og_site_name":"Naobay","article_publisher":"https:\/\/www.facebook.com\/naobaycosmetics","article_modified_time":"2024-09-25T11:00:58+00:00","twitter_card":"summary_large_image","twitter_misc":{"Est. reading time":"6 minutes"},"schema":{"@context":"https:\/\/schema.org","@graph":[{"@type":"WebPage","@id":"https:\/\/naobay.com\/en\/privacy-policy\/","url":"https:\/\/naobay.com\/en\/privacy-policy\/","name":"Pol\u00edtica de Privacidad Naobay: Protecci\u00f3n de Datos","isPartOf":{"@id":"https:\/\/naobay.com\/en\/#website"},"datePublished":"2024-09-16T12:51:44+00:00","dateModified":"2024-09-25T11:00:58+00:00","description":"Consulta la Pol\u00edtica de Privacidad de Naobay para conocer c\u00f3mo tratamos los datos personales de nuestros usuarios conforme a la normativa de protecci\u00f3n de datos.","breadcrumb":{"@id":"https:\/\/naobay.com\/en\/privacy-policy\/#breadcrumb"},"inLanguage":"en-US","potentialAction":[{"@type":"ReadAction","target":["https:\/\/naobay.com\/en\/privacy-policy\/"]}]},{"@type":"BreadcrumbList","@id":"https:\/\/naobay.com\/en\/privacy-policy\/#breadcrumb","itemListElement":[{"@type":"ListItem","position":1,"name":"Portada","item":"https:\/\/naobay.com\/en\/home\/"},{"@type":"ListItem","position":2,"name":"Privacy policy"}]},{"@type":"WebSite","@id":"https:\/\/naobay.com\/en\/#website","url":"https:\/\/naobay.com\/en\/","name":"Naobay - Cosmetica Organica Certificada","description":"Cosm\u00e9tica Org\u00e1nica","publisher":{"@id":"https:\/\/naobay.com\/en\/#organization"},"potentialAction":[{"@type":"SearchAction","target":{"@type":"EntryPoint","urlTemplate":"https:\/\/naobay.com\/en\/?s={search_term_string}"},"query-input":{"@type":"PropertyValueSpecification","valueRequired":true,"valueName":"search_term_string"}}],"inLanguage":"en-US"},{"@type":"Organization","@id":"https:\/\/naobay.com\/en\/#organization","name":"Naobay","url":"https:\/\/naobay.com\/en\/","logo":{"@type":"ImageObject","inLanguage":"en-US","@id":"https:\/\/naobay.com\/en\/#\/schema\/logo\/image\/","url":"https:\/\/naobay.com\/wp-content\/uploads\/2024\/09\/Naobay-Logo-Dark.svg","contentUrl":"https:\/\/naobay.com\/wp-content\/uploads\/2024\/09\/Naobay-Logo-Dark.svg","width":1,"height":1,"caption":"Naobay"},"image":{"@id":"https:\/\/naobay.com\/en\/#\/schema\/logo\/image\/"},"sameAs":["https:\/\/www.facebook.com\/naobaycosmetics","https:\/\/www.instagram.com\/naobaycosmetics\/"]}]}},"_links":{"self":[{"href":"https:\/\/naobay.com\/en\/wp-json\/wp\/v2\/pages\/1722","targetHints":{"allow":["GET"]}}],"collection":[{"href":"https:\/\/naobay.com\/en\/wp-json\/wp\/v2\/pages"}],"about":[{"href":"https:\/\/naobay.com\/en\/wp-json\/wp\/v2\/types\/page"}],"author":[{"embeddable":true,"href":"https:\/\/naobay.com\/en\/wp-json\/wp\/v2\/users\/1"}],"replies":[{"embeddable":true,"href":"https:\/\/naobay.com\/en\/wp-json\/wp\/v2\/comments?post=1722"}],"version-history":[{"count":3,"href":"https:\/\/naobay.com\/en\/wp-json\/wp\/v2\/pages\/1722\/revisions"}],"predecessor-version":[{"id":2051,"href":"https:\/\/naobay.com\/en\/wp-json\/wp\/v2\/pages\/1722\/revisions\/2051"}],"wp:attachment":[{"href":"https:\/\/naobay.com\/en\/wp-json\/wp\/v2\/media?parent=1722"}],"curies":[{"name":"wp","href":"https:\/\/api.w.org\/{rel}","templated":true}]}}