{"id":1721,"date":"2024-09-16T14:52:11","date_gmt":"2024-09-16T12:52:11","guid":{"rendered":"https:\/\/naobay.com\/cookies-policy\/"},"modified":"2024-09-24T14:43:08","modified_gmt":"2024-09-24T12:43:08","slug":"cookies-policy","status":"publish","type":"page","link":"https:\/\/naobay.com\/en\/cookies-policy\/","title":{"rendered":"Cookies policy"},"content":{"rendered":"<h1>POL\u00cdTICA DE COOKIES<\/h1>\n<p> Nuestro sitio web Naturchem, S.L. utiliza una tecnolog\u00eda denominada \u201ccookies\u201d con la finalidad de poder recabar informaci\u00f3n acerca del uso que realiza el usuario\/a de la p\u00e1gina web con el objetivo de analizar sus h\u00e1bitos de navegaci\u00f3n para as\u00ed facilitarle la misma y poder distinguirlo de otros usuarios. En cumplimiento con lo previsto en el art\u00edculo 22.2 de la Ley 34\/2002, de 11 de julio, de Servicios de la Sociedad de la Informaci\u00f3n y de Comercio Electr\u00f3nico, la presente Pol\u00edtica de Cookies tiene como finalidad informar al usuario\/a sobre la pol\u00edtica de recogida y tratamiento de cookies.  <\/p>\n<h2>\u00bfQu\u00e9 son las cookies?<\/h2>\n<p> Las cookies son peque\u00f1os archivos que contienen una serie de caracteres (texto) que se env\u00edan a su explorador desde el servidor de un sitio web. La cookie puede tener un identificador \u00fanico, pero no contiene informaci\u00f3n de identificaci\u00f3n personal, como su nombre o direcci\u00f3n de correo electr\u00f3nico. Naturchem, S.L., puede usar cookies cuando usted visita su sitio web o visita otros sitios web donde Naturchem, S.L. publicita. El explorador de Internet del usuario\/a de esta p\u00e1gina web almacena la cookie en el disco duro de su equipo inform\u00e1tico y el sitio web puede acceder a ella durante su pr\u00f3xima visita. Otros sitios web tambi\u00e9n pueden enviar cookies a su explorador, pero \u00e9ste no permitir\u00e1 que esos sitios web vean la informaci\u00f3n de la cookie de Naturchem, S.L.     <\/p>\n<h2>Cookies utilizadas en este sitio web<\/h2>\n<p> Por una parte, este sitio web utiliza cookies propias t\u00e9cnicas para las cuales no se precisa la obtenci\u00f3n del consentimiento del usuario\/a, ya que est\u00e1n excluidas del \u00e1mbito de aplicaci\u00f3n del art. 22.2 de la Ley 34\/2002, de 11 de julio, de Servicios de la Sociedad de la Informaci\u00f3n y de Comercio Electr\u00f3nico. Sin embargo, este sitio web tambi\u00e9n tiene instaladas cookies que requieren el consentimiento de los usuarios. A continuaci\u00f3n, siguiendo las directrices de la Agencia Espa\u00f1ola de Protecci\u00f3n de Datos, procedemos a detallar el uso de cookies mediante su identificaci\u00f3n y explicando su tipolog\u00eda y funci\u00f3n, con <a href=\"\">http:\/\/naobay.com<\/a> el fin de informarle con la m\u00e1xima exactitud posible.   <\/p>\n<table>\n<thead>\n<tr>\n<th>NOMBRE<\/th>\n<th>PROP\u00d3SITO<\/th>\n<th>NOMBRE DOMINIO<\/th>\n<th>CADUCIDAD<\/th>\n<th>PROVEEDOR<\/th>\n<\/tr>\n<\/thead>\n<tbody>\n<tr>\n<td>_ga<\/td>\n<td>Anal\u00edtica, relacionada con Google Analytics que se usa para distinguir a los usuarios.<\/td>\n<td>https:\/\/naobay.com<\/td>\n<td>2 a\u00f1os<\/td>\n<td>Google<\/td>\n<\/tr>\n<tr>\n<td>_gid<\/td>\n<td>Anal\u00edtica, relacionada con Google Analytics que se usa para distinguir a los usuarios.<\/td>\n<td>https:\/\/naobay.com<\/td>\n<td>24 horas<\/td>\n<td>Google<\/td>\n<\/tr>\n<\/tbody>\n<\/table>\n<p>&nbsp;<\/p>\n<h2>Desactivaci\u00f3n o eliminaci\u00f3n de cookies<\/h2>\n<p> No recomendados que restrinja o bloquee cookies, ya que esto puede afectar al funcionamiento y calidad de nuestros servicios y sitios web y, por tanto, su experiencia puede resultar menos satisfactoria. Sin embargo, en cualquier momento, el usuario\/a podr\u00e1 ejercer su derecho de desactivaci\u00f3n o eliminaci\u00f3n de cookies de este sitio web, bloqueando o deshabilitando las mismas al modificar la configuraci\u00f3n de las opciones del navegador instalado en su ordenador, el cual le permitir\u00e1 rechazar la instalaci\u00f3n de todas o algunas de las cookies. Los navegadores web son las herramientas encargadas de almacenar las cookies y desde este lugar es donde el usuario\/a debe ejercitar su derecho a eliminar o desactivar las mismas. Por tanto, Naturchem, S.L. no puede garantizar la correcta manipulaci\u00f3n de las cookies por parte de los navegadores a los que hemos hecho menci\u00f3n. A continuaci\u00f3n, le proporcionamos informaci\u00f3n sobre c\u00f3mo gestionar el uso de cookies dependiendo del navegador que utilice, ya que estas acciones se realizan de forma distinta en funci\u00f3n del navegador que el usuario\/a est\u00e9 usando. Si utilizas Microsoft Internet Explorer, en la opci\u00f3n de men\u00fa Herramientas &gt; Opciones de Internet &gt; Privacidad &gt; Configuraci\u00f3n. Para saber m\u00e1s visita: https:\/\/support.microsoft.com\/es-es\/help\/17442\/windows-internet-explorer-deletemanage-cookies Si utilizas Firefox, en la opci\u00f3n de men\u00fa Herramientas &gt; Opciones &gt; Privacidad &gt; Cookies. Para saber m\u00e1s visita: https:\/\/support.mozilla.org\/es\/kb\/Deshabilitar%20cookies%20de%20terceros Si utilizas Chrome, en la secci\u00f3n de Opciones &gt; Opciones avanzadas &gt; Privacidad. Para saber m\u00e1s: https:\/\/support.google.com\/chrome\/bin\/answer.py?hl=esanswer=95647 Si utilizas Opera, en la opci\u00f3n de Seguridad y Privacidad, podr\u00e1s configurar el navegador. Para saber m\u00e1s visita: https:\/\/www.opera.com\/help\/tutorials\/security\/cookies\/ Si utilizas Safari, en la opci\u00f3n Preferencias &gt; Seguridad o Privacidad, podr\u00e1s configurar Navegador. Para saber m\u00e1s visita: https:\/\/support.apple.com\/kb\/PH21411?viewlocale=es_ESlocale=es_ES Si desea deshabilitar Google Universal Analytics, puede instalar la siguiente extensi\u00f3n proporcionada por Google: https:\/\/tools.google.com\/dlpage\/gaoptout           <\/p>\n<h2>Cambios en la pol\u00edtica de cookies<\/h2>\n<p> Es posible que la presente Pol\u00edtica de Cookies sufra modificaciones en un futuro, por ello es aconsejable que cada vez que el usuario\/a acceda a esta p\u00e1gina web, consulte nuevamente esta pol\u00edtica con el objetivo de estar informado adecuadamente sobre las actualizaciones que se han producido. <\/p>\n<h2>Contact<\/h2>\n<p> Si tiene cualquier duda, comentario o sugerencia sobre nuestra Pol\u00edtica de Cookies, no dude en ponerse en contacto con nosotros a trav\u00e9s de la siguiente direcci\u00f3n de correo electr\u00f3nico: <a href=\"mailto:info@naturchem.es\">info@naturchem.es<\/a><\/p>\n","protected":false},"excerpt":{"rendered":"<p>POL\u00cdTICA DE COOKIES Nuestro sitio web Naturchem, S.L. utiliza una tecnolog\u00eda denominada \u201ccookies\u201d con la finalidad de poder recabar informaci\u00f3n acerca del uso que realiza el usuario\/a de la p\u00e1gina&#8230;<\/p>\n","protected":false},"author":1,"featured_media":0,"parent":0,"menu_order":0,"comment_status":"closed","ping_status":"closed","template":"custom-page-templates\/legales.php","meta":{"footnotes":""},"class_list":["post-1721","page","type-page","status-publish"],"acf":[],"yoast_head":"<!-- This site is optimized with the Yoast SEO plugin v27.3 - https:\/\/yoast.com\/product\/yoast-seo-wordpress\/ -->\n<title>Pol\u00edtica de Cookies Naobay: Informaci\u00f3n y Gesti\u00f3n<\/title>\n<meta name=\"description\" content=\"Consulta la Pol\u00edtica de Cookies de Naobay para entender c\u00f3mo utilizamos cookies en nuestro sitio web y c\u00f3mo gestionarlas seg\u00fan tus preferencias.\" \/>\n<meta name=\"robots\" content=\"index, follow, max-snippet:-1, max-image-preview:large, max-video-preview:-1\" \/>\n<link rel=\"canonical\" href=\"https:\/\/naobay.com\/en\/cookies-policy\/\" \/>\n<meta property=\"og:locale\" content=\"en_US\" \/>\n<meta property=\"og:type\" content=\"article\" \/>\n<meta property=\"og:title\" content=\"Pol\u00edtica de Cookies Naobay: Informaci\u00f3n y Gesti\u00f3n\" \/>\n<meta property=\"og:description\" content=\"Consulta la Pol\u00edtica de Cookies de Naobay para entender c\u00f3mo utilizamos cookies en nuestro sitio web y c\u00f3mo gestionarlas seg\u00fan tus preferencias.\" \/>\n<meta property=\"og:url\" content=\"https:\/\/naobay.com\/en\/cookies-policy\/\" \/>\n<meta property=\"og:site_name\" content=\"Naobay\" \/>\n<meta property=\"article:publisher\" content=\"https:\/\/www.facebook.com\/naobaycosmetics\" \/>\n<meta property=\"article:modified_time\" content=\"2024-09-24T12:43:08+00:00\" \/>\n<meta name=\"twitter:card\" content=\"summary_large_image\" \/>\n<meta name=\"twitter:label1\" content=\"Est. reading time\" \/>\n\t<meta name=\"twitter:data1\" content=\"4 minutes\" \/>\n<script type=\"application\/ld+json\" class=\"yoast-schema-graph\">{\"@context\":\"https:\\\/\\\/schema.org\",\"@graph\":[{\"@type\":\"WebPage\",\"@id\":\"https:\\\/\\\/naobay.com\\\/en\\\/cookies-policy\\\/\",\"url\":\"https:\\\/\\\/naobay.com\\\/en\\\/cookies-policy\\\/\",\"name\":\"Pol\u00edtica de Cookies Naobay: Informaci\u00f3n y Gesti\u00f3n\",\"isPartOf\":{\"@id\":\"https:\\\/\\\/naobay.com\\\/en\\\/#website\"},\"datePublished\":\"2024-09-16T12:52:11+00:00\",\"dateModified\":\"2024-09-24T12:43:08+00:00\",\"description\":\"Consulta la Pol\u00edtica de Cookies de Naobay para entender c\u00f3mo utilizamos cookies en nuestro sitio web y c\u00f3mo gestionarlas seg\u00fan tus preferencias.\",\"breadcrumb\":{\"@id\":\"https:\\\/\\\/naobay.com\\\/en\\\/cookies-policy\\\/#breadcrumb\"},\"inLanguage\":\"en-US\",\"potentialAction\":[{\"@type\":\"ReadAction\",\"target\":[\"https:\\\/\\\/naobay.com\\\/en\\\/cookies-policy\\\/\"]}]},{\"@type\":\"BreadcrumbList\",\"@id\":\"https:\\\/\\\/naobay.com\\\/en\\\/cookies-policy\\\/#breadcrumb\",\"itemListElement\":[{\"@type\":\"ListItem\",\"position\":1,\"name\":\"Portada\",\"item\":\"https:\\\/\\\/naobay.com\\\/en\\\/home\\\/\"},{\"@type\":\"ListItem\",\"position\":2,\"name\":\"Cookies policy\"}]},{\"@type\":\"WebSite\",\"@id\":\"https:\\\/\\\/naobay.com\\\/en\\\/#website\",\"url\":\"https:\\\/\\\/naobay.com\\\/en\\\/\",\"name\":\"Naobay - Cosmetica Organica Certificada\",\"description\":\"Cosm\u00e9tica Org\u00e1nica\",\"publisher\":{\"@id\":\"https:\\\/\\\/naobay.com\\\/en\\\/#organization\"},\"potentialAction\":[{\"@type\":\"SearchAction\",\"target\":{\"@type\":\"EntryPoint\",\"urlTemplate\":\"https:\\\/\\\/naobay.com\\\/en\\\/?s={search_term_string}\"},\"query-input\":{\"@type\":\"PropertyValueSpecification\",\"valueRequired\":true,\"valueName\":\"search_term_string\"}}],\"inLanguage\":\"en-US\"},{\"@type\":\"Organization\",\"@id\":\"https:\\\/\\\/naobay.com\\\/en\\\/#organization\",\"name\":\"Naobay\",\"url\":\"https:\\\/\\\/naobay.com\\\/en\\\/\",\"logo\":{\"@type\":\"ImageObject\",\"inLanguage\":\"en-US\",\"@id\":\"https:\\\/\\\/naobay.com\\\/en\\\/#\\\/schema\\\/logo\\\/image\\\/\",\"url\":\"https:\\\/\\\/naobay.com\\\/wp-content\\\/uploads\\\/2024\\\/09\\\/Naobay-Logo-Dark.svg\",\"contentUrl\":\"https:\\\/\\\/naobay.com\\\/wp-content\\\/uploads\\\/2024\\\/09\\\/Naobay-Logo-Dark.svg\",\"width\":1,\"height\":1,\"caption\":\"Naobay\"},\"image\":{\"@id\":\"https:\\\/\\\/naobay.com\\\/en\\\/#\\\/schema\\\/logo\\\/image\\\/\"},\"sameAs\":[\"https:\\\/\\\/www.facebook.com\\\/naobaycosmetics\",\"https:\\\/\\\/www.instagram.com\\\/naobaycosmetics\\\/\"]}]}<\/script>\n<!-- \/ Yoast SEO plugin. -->","yoast_head_json":{"title":"Pol\u00edtica de Cookies Naobay: Informaci\u00f3n y Gesti\u00f3n","description":"Consulta la Pol\u00edtica de Cookies de Naobay para entender c\u00f3mo utilizamos cookies en nuestro sitio web y c\u00f3mo gestionarlas seg\u00fan tus preferencias.","robots":{"index":"index","follow":"follow","max-snippet":"max-snippet:-1","max-image-preview":"max-image-preview:large","max-video-preview":"max-video-preview:-1"},"canonical":"https:\/\/naobay.com\/en\/cookies-policy\/","og_locale":"en_US","og_type":"article","og_title":"Pol\u00edtica de Cookies Naobay: Informaci\u00f3n y Gesti\u00f3n","og_description":"Consulta la Pol\u00edtica de Cookies de Naobay para entender c\u00f3mo utilizamos cookies en nuestro sitio web y c\u00f3mo gestionarlas seg\u00fan tus preferencias.","og_url":"https:\/\/naobay.com\/en\/cookies-policy\/","og_site_name":"Naobay","article_publisher":"https:\/\/www.facebook.com\/naobaycosmetics","article_modified_time":"2024-09-24T12:43:08+00:00","twitter_card":"summary_large_image","twitter_misc":{"Est. reading time":"4 minutes"},"schema":{"@context":"https:\/\/schema.org","@graph":[{"@type":"WebPage","@id":"https:\/\/naobay.com\/en\/cookies-policy\/","url":"https:\/\/naobay.com\/en\/cookies-policy\/","name":"Pol\u00edtica de Cookies Naobay: Informaci\u00f3n y Gesti\u00f3n","isPartOf":{"@id":"https:\/\/naobay.com\/en\/#website"},"datePublished":"2024-09-16T12:52:11+00:00","dateModified":"2024-09-24T12:43:08+00:00","description":"Consulta la Pol\u00edtica de Cookies de Naobay para entender c\u00f3mo utilizamos cookies en nuestro sitio web y c\u00f3mo gestionarlas seg\u00fan tus preferencias.","breadcrumb":{"@id":"https:\/\/naobay.com\/en\/cookies-policy\/#breadcrumb"},"inLanguage":"en-US","potentialAction":[{"@type":"ReadAction","target":["https:\/\/naobay.com\/en\/cookies-policy\/"]}]},{"@type":"BreadcrumbList","@id":"https:\/\/naobay.com\/en\/cookies-policy\/#breadcrumb","itemListElement":[{"@type":"ListItem","position":1,"name":"Portada","item":"https:\/\/naobay.com\/en\/home\/"},{"@type":"ListItem","position":2,"name":"Cookies policy"}]},{"@type":"WebSite","@id":"https:\/\/naobay.com\/en\/#website","url":"https:\/\/naobay.com\/en\/","name":"Naobay - Cosmetica Organica Certificada","description":"Cosm\u00e9tica Org\u00e1nica","publisher":{"@id":"https:\/\/naobay.com\/en\/#organization"},"potentialAction":[{"@type":"SearchAction","target":{"@type":"EntryPoint","urlTemplate":"https:\/\/naobay.com\/en\/?s={search_term_string}"},"query-input":{"@type":"PropertyValueSpecification","valueRequired":true,"valueName":"search_term_string"}}],"inLanguage":"en-US"},{"@type":"Organization","@id":"https:\/\/naobay.com\/en\/#organization","name":"Naobay","url":"https:\/\/naobay.com\/en\/","logo":{"@type":"ImageObject","inLanguage":"en-US","@id":"https:\/\/naobay.com\/en\/#\/schema\/logo\/image\/","url":"https:\/\/naobay.com\/wp-content\/uploads\/2024\/09\/Naobay-Logo-Dark.svg","contentUrl":"https:\/\/naobay.com\/wp-content\/uploads\/2024\/09\/Naobay-Logo-Dark.svg","width":1,"height":1,"caption":"Naobay"},"image":{"@id":"https:\/\/naobay.com\/en\/#\/schema\/logo\/image\/"},"sameAs":["https:\/\/www.facebook.com\/naobaycosmetics","https:\/\/www.instagram.com\/naobaycosmetics\/"]}]}},"_links":{"self":[{"href":"https:\/\/naobay.com\/en\/wp-json\/wp\/v2\/pages\/1721","targetHints":{"allow":["GET"]}}],"collection":[{"href":"https:\/\/naobay.com\/en\/wp-json\/wp\/v2\/pages"}],"about":[{"href":"https:\/\/naobay.com\/en\/wp-json\/wp\/v2\/types\/page"}],"author":[{"embeddable":true,"href":"https:\/\/naobay.com\/en\/wp-json\/wp\/v2\/users\/1"}],"replies":[{"embeddable":true,"href":"https:\/\/naobay.com\/en\/wp-json\/wp\/v2\/comments?post=1721"}],"version-history":[{"count":2,"href":"https:\/\/naobay.com\/en\/wp-json\/wp\/v2\/pages\/1721\/revisions"}],"predecessor-version":[{"id":2002,"href":"https:\/\/naobay.com\/en\/wp-json\/wp\/v2\/pages\/1721\/revisions\/2002"}],"wp:attachment":[{"href":"https:\/\/naobay.com\/en\/wp-json\/wp\/v2\/media?parent=1721"}],"curies":[{"name":"wp","href":"https:\/\/api.w.org\/{rel}","templated":true}]}}