{"id":1720,"date":"2024-09-16T14:52:33","date_gmt":"2024-09-16T12:52:33","guid":{"rendered":"https:\/\/naobay.com\/legal-advice\/"},"modified":"2024-09-24T14:41:46","modified_gmt":"2024-09-24T12:41:46","slug":"legal-advice","status":"publish","type":"page","link":"https:\/\/naobay.com\/en\/legal-advice\/","title":{"rendered":"Legal advice"},"content":{"rendered":"<h1>LEGAL ADVICE<\/h1>\n<p> Naturchem, S.L. responsable de este sitio web, pone a disposici\u00f3n de los usuarios de Internet el presente documento, cuya finalidad es cumplir las obligaciones establecidas en la Ley 34\/2002, de 11 de junio, de Servicios de la Sociedad de la Informaci\u00f3n y de Comercio Electr\u00f3nico (LSSICE) y dem\u00e1s normativa aplicable, as\u00ed como proporcionar informaci\u00f3n sobre las condiciones de uso. <\/p>\n<h2>DATOS IDENTIFICATIVOS<\/h2>\n<p> En cumplimiento del deber de informaci\u00f3n regulado en el art. 10 LSSICE, a continuaci\u00f3n se facilitan los datos necesarios del titular de la p\u00e1gina web: La empresa que gestiona los servicios y el dominio web es Naturchem, S.L. con NIF\/CIF B97685523, con domicilio social a estos efectos en Massanassa, tel\u00e9fono 961240401, direcci\u00f3n de correo electr\u00f3nico de contacto info@naturchem.es, inscrita en el Registro Mercantil de Valencia. <\/p>\n<h2>USUARIOS<\/h2>\n<p> Toda persona, ya sea f\u00edsica o jur\u00eddica, que acceda, navegue, utilice o participe en los servicios y actividades, gratuitas u onerosas, desarrolladas mediante esta p\u00e1gina web asume la condici\u00f3n de USUARIO\/A, y como tal, a trav\u00e9s de dicho acceso, se compromete a la observancia y riguroso cumplimiento de las disposiciones aqu\u00ed presentes, as\u00ed como a cualquier otra disposici\u00f3n legal que resulte de aplicaci\u00f3n, oblig\u00e1ndose as\u00ed a hacer un uso correcto del sitio web. El usuario\/a responder\u00e1 frente a Naturchem, S.L. o frente a terceros, de cualesquiera da\u00f1os y perjuicios que pudieran causarse como consecuencia del incumplimiento de dicha obligaci\u00f3n.  <\/p>\n<h2>MODIFICACIONES<\/h2>\n<p> Naturchem, S.L. se reserva el derecho de realizar unilateralmente las modificaciones que estime pertinentes en su portal, pudiendo cambiar, suprimir o a\u00f1adir tanto los contenidos como los servicios que se presten a trav\u00e9s del mismo, sin que exista obligaci\u00f3n de preavisar o poner en conocimiento de los usuarios dichas modificaciones, entendi\u00e9ndose como suficiente con la publicaci\u00f3n en el sitio web del prestador. La duraci\u00f3n de la prestaci\u00f3n del servicio del portal se limita al momento en que el usuario\/a est\u00e9 conectado al sitio web o a alguno de los servicios que \u00e9ste proporciona. Por ello, el usuario\/a, en cada ocasi\u00f3n que pretenda utilizar el portal, debe leer detenidamente este Aviso Legal, ya que el mismo y sus respectivas condiciones de uso pueden verse alteradas en cualquier momento. Por tanto, la vigencia de las citadas condiciones variar\u00e1 en funci\u00f3n de su exposici\u00f3n y se mantendr\u00e1 mientras est\u00e9n debidamente publicadas, hasta que se vean sustituidas por otras.    <\/p>\n<h2>CONDICIONES DE USO DEL SITIO WEB<\/h2>\n<p> Las presentes condiciones de uso y navegaci\u00f3n tienen como finalidad regular la relaci\u00f3n entre el titular de la p\u00e1gina web, Naturchem, S.L., como prestador del servicio, y los usuarios que acceden, navegan y disfrutan del servicio ofrecido. Naturchem, S.L., proporciona el acceso libre y gratuito a gran cantidad de informaci\u00f3n, servicios y datos (en adelante, \u201clos contenidos\u201d), cuya propiedad pertenece a Naturchem, S.L., o a sus licenciantes a los que el usuario\/a puede tener acceso. Cualquier incumplimiento de las cl\u00e1usulas contenidas en el presente sitio web (Aviso Legal, Pol\u00edtica de Privacidad, Pol\u00edtica de Cookies, as\u00ed como otros contenidos que supongan obligaciones para el usuario\/a) y en general de la legalidad vigente en Espa\u00f1a, se comunicar\u00e1 inmediatamente por parte de Naturchem, S.L., a las autoridades pertinentes, comprometi\u00e9ndose \u00e9sta a cooperar con las mismas. En tal caso, el usuario\/a responder\u00e1 frente a Naturchem, S.L. o frente a terceros, de cualesquiera da\u00f1os y perjuicios que pudieran causarse como consecuencia del incumplimiento de estas obligaciones. Naturchem, S.L. no garantiza que su p\u00e1gina web cumpla, total o parcialmente, con las legislaciones de otros pa\u00edses. Por tanto, si el usuario\/a reside o se encuentra domiciliado en cualquier otro lugar que no sea Espa\u00f1a, y decide acceder y\/o navegar en el presente sitio web, lo har\u00e1 bajo su propia responsabilidad y riesgo, debiendo asegurarse de que tal acceso y\/o navegaci\u00f3n cumple con la legislaci\u00f3n local aplicable en su caso.      <\/p>\n<h2>NOTIFICACIONES<\/h2>\n<p> Todas las notificaciones y comunicaciones entre los usuarios y Naturchem, S.L. se considerar\u00e1n eficaces, a todos los efectos, cuando se realicen a trav\u00e9s de correo postal, correo electr\u00f3nico o comunicaci\u00f3n telef\u00f3nica. Los usuarios deber\u00e1n dirigirse a Naturchem, S.L. mediante: a) Env\u00edo por correo postal a la siguiente direcci\u00f3n: C\/Bra\u00e7 de Pepa n\u00ba1, 46470 MASSANASSA, Valencia (Espa\u00f1a). b) Comunicaci\u00f3n por medio de llamada telef\u00f3nica al n\u00famero de tel\u00e9fono: 961240401 c) Env\u00edo por correo electr\u00f3nico a la siguiente direcci\u00f3n: info@naturchem.es Mediante el uso de esta p\u00e1gina web, el usuario\/a acepta impl\u00edcitamente que la mayor parte de las comunicaciones se realizar\u00e1n por v\u00eda electr\u00f3nica. A efectos contractuales, el usuario\/a consiente usar este medio electr\u00f3nico de comunicaci\u00f3n y reconoce que toda comunicaci\u00f3n que se le env\u00ede de forma electr\u00f3nica cumple con los requisitos legales.      <\/p>\n<h2>PROTECCI\u00d3N DE DATOS DE CAR\u00c1CTER PERSONAL<\/h2>\n<p> El titular de la p\u00e1gina web se compromete a tratar los datos personales del usuario\/a de conformidad con lo establecido en la legislaci\u00f3n vigente en la materia. Concretamente, se compromete a aplicar lo dispuesto en la LO 3\/2018, de 5 de diciembre, de Protecci\u00f3n de Datos de Car\u00e1cter Personal y garant\u00eda de los derechos digitales, y en el Reglamento (UE) 2016\/679 del Parlamento Europeo y del Consejo de 27 de abril de 2016. Para m\u00e1s informaci\u00f3n sobre el tratamiento de sus datos personales en el portal, dir\u00edjase a la Pol\u00edtica de Privacidad.   <\/p>\n<h2>PROPIEDAD INTELECTUAL E INDUSTRIAL<\/h2>\n<p> Todos los contenidos del sitio web, entre otros, textos, fotograf\u00edas, gr\u00e1ficos, im\u00e1genes, iconos, tecnolog\u00eda, software, links y dem\u00e1s contenidos audiovisuales, as\u00ed como su dise\u00f1o gr\u00e1fico y c\u00f3digos fuente, constituyen una obra cuya propiedad pertenece a Naturchem, S.L., sin que puedan entenderse cedidos al usuario\/a ninguno de los derechos de explotaci\u00f3n sobre los mismos m\u00e1s all\u00e1 de lo estrictamente necesario para el correcto uso de la web, y con independencia de que sean susceptibles o no de propiedad intelectual. Asimismo, todas las marcas, nombres comerciales o signos distintivos de cualquier clase que aparecen en el sitio web son propiedad de Naturchem, S.L. , sin que pueda entenderse que el uso o acceso al mismo atribuya al usuario\/a derecho alguno sobre los mismos. Queda prohibida la reproducci\u00f3n total o parcial, explotaci\u00f3n, distribuci\u00f3n, modificaci\u00f3n, cesi\u00f3n o comunicaci\u00f3n p\u00fablica de los contenidos y cualquier otro acto que no haya sido expresamente autorizado por el titular de los derechos de explotaci\u00f3n. Cualquier uso no autorizado previamente se considera un incumplimiento grave de los derechos de propiedad intelectual o industrial del autor. Para realizar cualquier tipo de observaci\u00f3n respecto a posibles incumplimientos de los derechos de propiedad intelectual o industrial, as\u00ed como sobre cualquiera de los contenidos del sitio web, el usuario\/a deber\u00e1 notificar dicha circunstancia a Naturchem, S.L., adjuntando la informaci\u00f3n pertinente. En cualquier caso, Naturchem, S.L., no asume responsabilidad alguna respecto de los derechos de propiedad intelectual o industrial titularidad de terceros que se vean infringidos por un tercero o por el usuario\/a.      <\/p>\n<h2>ENLACES<\/h2>\n<p> El sitio web de Naturchem, S.L. puede contener enlaces o hiperv\u00ednculos a otros sitios de Internet, respecto a los cuales no ejerce ning\u00fan tipo de control. Por tanto, una vez que el usuario\/a acceda a los enlaces de terceros y abandone el sitio web, tanto el presente Aviso Legal, como la Pol\u00edtica de Privacidad y la Pol\u00edtica de Cookies dejar\u00e1n de surtir efecto, ya que los sitios web a los que el usuario\/a acceda est\u00e1n sujetos a sus propias pol\u00edticas. Naturchem, S.L. no puede asumir responsabilidad alguna por el contenido que pueda aparecer en p\u00e1ginas de terceros, ni garantiza la disponibilidad t\u00e9cnica, calidad, fiabilidad, exactitud, amplitud, veracidad, validez y constitucionalidad de cualquier material o informaci\u00f3n contenida en ninguno de dichos enlaces o hiperv\u00ednculos. Asimismo, la inclusi\u00f3n de estas conexiones externas a sitios web ajenos no implica ning\u00fan tipo de asociaci\u00f3n, fusi\u00f3n o participaci\u00f3n con las entidades conectadas.   <\/p>\n","protected":false},"excerpt":{"rendered":"<p>LEGAL ADVICE Naturchem, S.L. responsable de este sitio web, pone a disposici\u00f3n de los usuarios de Internet el presente documento, cuya finalidad es cumplir las obligaciones establecidas en la Ley&#8230;<\/p>\n","protected":false},"author":1,"featured_media":0,"parent":0,"menu_order":0,"comment_status":"closed","ping_status":"closed","template":"custom-page-templates\/legales.php","meta":{"footnotes":""},"class_list":["post-1720","page","type-page","status-publish"],"acf":[],"yoast_head":"<!-- This site is optimized with the Yoast SEO plugin v27.3 - https:\/\/yoast.com\/product\/yoast-seo-wordpress\/ -->\n<title>Aviso Legal Naobay: Cumplimiento Normativo<\/title>\n<meta name=\"description\" content=\"Consulta el Aviso Legal de Naobay para obtener informaci\u00f3n sobre las condiciones de uso, protecci\u00f3n de datos y cumplimiento normativo.\" \/>\n<meta name=\"robots\" content=\"index, follow, max-snippet:-1, max-image-preview:large, max-video-preview:-1\" \/>\n<link rel=\"canonical\" href=\"https:\/\/naobay.com\/en\/legal-advice\/\" \/>\n<meta property=\"og:locale\" content=\"en_US\" \/>\n<meta property=\"og:type\" content=\"article\" \/>\n<meta property=\"og:title\" content=\"Aviso Legal Naobay: Cumplimiento Normativo\" \/>\n<meta property=\"og:description\" content=\"Consulta el Aviso Legal de Naobay para obtener informaci\u00f3n sobre las condiciones de uso, protecci\u00f3n de datos y cumplimiento normativo.\" \/>\n<meta property=\"og:url\" content=\"https:\/\/naobay.com\/en\/legal-advice\/\" \/>\n<meta property=\"og:site_name\" content=\"Naobay\" \/>\n<meta property=\"article:publisher\" content=\"https:\/\/www.facebook.com\/naobaycosmetics\" \/>\n<meta property=\"article:modified_time\" content=\"2024-09-24T12:41:46+00:00\" \/>\n<meta name=\"twitter:card\" content=\"summary_large_image\" \/>\n<meta name=\"twitter:label1\" content=\"Est. reading time\" \/>\n\t<meta name=\"twitter:data1\" content=\"7 minutes\" \/>\n<script type=\"application\/ld+json\" class=\"yoast-schema-graph\">{\"@context\":\"https:\\\/\\\/schema.org\",\"@graph\":[{\"@type\":\"WebPage\",\"@id\":\"https:\\\/\\\/naobay.com\\\/en\\\/legal-advice\\\/\",\"url\":\"https:\\\/\\\/naobay.com\\\/en\\\/legal-advice\\\/\",\"name\":\"Aviso Legal Naobay: Cumplimiento Normativo\",\"isPartOf\":{\"@id\":\"https:\\\/\\\/naobay.com\\\/en\\\/#website\"},\"datePublished\":\"2024-09-16T12:52:33+00:00\",\"dateModified\":\"2024-09-24T12:41:46+00:00\",\"description\":\"Consulta el Aviso Legal de Naobay para obtener informaci\u00f3n sobre las condiciones de uso, protecci\u00f3n de datos y cumplimiento normativo.\",\"breadcrumb\":{\"@id\":\"https:\\\/\\\/naobay.com\\\/en\\\/legal-advice\\\/#breadcrumb\"},\"inLanguage\":\"en-US\",\"potentialAction\":[{\"@type\":\"ReadAction\",\"target\":[\"https:\\\/\\\/naobay.com\\\/en\\\/legal-advice\\\/\"]}]},{\"@type\":\"BreadcrumbList\",\"@id\":\"https:\\\/\\\/naobay.com\\\/en\\\/legal-advice\\\/#breadcrumb\",\"itemListElement\":[{\"@type\":\"ListItem\",\"position\":1,\"name\":\"Portada\",\"item\":\"https:\\\/\\\/naobay.com\\\/en\\\/home\\\/\"},{\"@type\":\"ListItem\",\"position\":2,\"name\":\"Legal advice\"}]},{\"@type\":\"WebSite\",\"@id\":\"https:\\\/\\\/naobay.com\\\/en\\\/#website\",\"url\":\"https:\\\/\\\/naobay.com\\\/en\\\/\",\"name\":\"Naobay - Cosmetica Organica Certificada\",\"description\":\"Cosm\u00e9tica Org\u00e1nica\",\"publisher\":{\"@id\":\"https:\\\/\\\/naobay.com\\\/en\\\/#organization\"},\"potentialAction\":[{\"@type\":\"SearchAction\",\"target\":{\"@type\":\"EntryPoint\",\"urlTemplate\":\"https:\\\/\\\/naobay.com\\\/en\\\/?s={search_term_string}\"},\"query-input\":{\"@type\":\"PropertyValueSpecification\",\"valueRequired\":true,\"valueName\":\"search_term_string\"}}],\"inLanguage\":\"en-US\"},{\"@type\":\"Organization\",\"@id\":\"https:\\\/\\\/naobay.com\\\/en\\\/#organization\",\"name\":\"Naobay\",\"url\":\"https:\\\/\\\/naobay.com\\\/en\\\/\",\"logo\":{\"@type\":\"ImageObject\",\"inLanguage\":\"en-US\",\"@id\":\"https:\\\/\\\/naobay.com\\\/en\\\/#\\\/schema\\\/logo\\\/image\\\/\",\"url\":\"https:\\\/\\\/naobay.com\\\/wp-content\\\/uploads\\\/2024\\\/09\\\/Naobay-Logo-Dark.svg\",\"contentUrl\":\"https:\\\/\\\/naobay.com\\\/wp-content\\\/uploads\\\/2024\\\/09\\\/Naobay-Logo-Dark.svg\",\"width\":1,\"height\":1,\"caption\":\"Naobay\"},\"image\":{\"@id\":\"https:\\\/\\\/naobay.com\\\/en\\\/#\\\/schema\\\/logo\\\/image\\\/\"},\"sameAs\":[\"https:\\\/\\\/www.facebook.com\\\/naobaycosmetics\",\"https:\\\/\\\/www.instagram.com\\\/naobaycosmetics\\\/\"]}]}<\/script>\n<!-- \/ Yoast SEO plugin. -->","yoast_head_json":{"title":"Aviso Legal Naobay: Cumplimiento Normativo","description":"Consulta el Aviso Legal de Naobay para obtener informaci\u00f3n sobre las condiciones de uso, protecci\u00f3n de datos y cumplimiento normativo.","robots":{"index":"index","follow":"follow","max-snippet":"max-snippet:-1","max-image-preview":"max-image-preview:large","max-video-preview":"max-video-preview:-1"},"canonical":"https:\/\/naobay.com\/en\/legal-advice\/","og_locale":"en_US","og_type":"article","og_title":"Aviso Legal Naobay: Cumplimiento Normativo","og_description":"Consulta el Aviso Legal de Naobay para obtener informaci\u00f3n sobre las condiciones de uso, protecci\u00f3n de datos y cumplimiento normativo.","og_url":"https:\/\/naobay.com\/en\/legal-advice\/","og_site_name":"Naobay","article_publisher":"https:\/\/www.facebook.com\/naobaycosmetics","article_modified_time":"2024-09-24T12:41:46+00:00","twitter_card":"summary_large_image","twitter_misc":{"Est. reading time":"7 minutes"},"schema":{"@context":"https:\/\/schema.org","@graph":[{"@type":"WebPage","@id":"https:\/\/naobay.com\/en\/legal-advice\/","url":"https:\/\/naobay.com\/en\/legal-advice\/","name":"Aviso Legal Naobay: Cumplimiento Normativo","isPartOf":{"@id":"https:\/\/naobay.com\/en\/#website"},"datePublished":"2024-09-16T12:52:33+00:00","dateModified":"2024-09-24T12:41:46+00:00","description":"Consulta el Aviso Legal de Naobay para obtener informaci\u00f3n sobre las condiciones de uso, protecci\u00f3n de datos y cumplimiento normativo.","breadcrumb":{"@id":"https:\/\/naobay.com\/en\/legal-advice\/#breadcrumb"},"inLanguage":"en-US","potentialAction":[{"@type":"ReadAction","target":["https:\/\/naobay.com\/en\/legal-advice\/"]}]},{"@type":"BreadcrumbList","@id":"https:\/\/naobay.com\/en\/legal-advice\/#breadcrumb","itemListElement":[{"@type":"ListItem","position":1,"name":"Portada","item":"https:\/\/naobay.com\/en\/home\/"},{"@type":"ListItem","position":2,"name":"Legal advice"}]},{"@type":"WebSite","@id":"https:\/\/naobay.com\/en\/#website","url":"https:\/\/naobay.com\/en\/","name":"Naobay - Cosmetica Organica Certificada","description":"Cosm\u00e9tica Org\u00e1nica","publisher":{"@id":"https:\/\/naobay.com\/en\/#organization"},"potentialAction":[{"@type":"SearchAction","target":{"@type":"EntryPoint","urlTemplate":"https:\/\/naobay.com\/en\/?s={search_term_string}"},"query-input":{"@type":"PropertyValueSpecification","valueRequired":true,"valueName":"search_term_string"}}],"inLanguage":"en-US"},{"@type":"Organization","@id":"https:\/\/naobay.com\/en\/#organization","name":"Naobay","url":"https:\/\/naobay.com\/en\/","logo":{"@type":"ImageObject","inLanguage":"en-US","@id":"https:\/\/naobay.com\/en\/#\/schema\/logo\/image\/","url":"https:\/\/naobay.com\/wp-content\/uploads\/2024\/09\/Naobay-Logo-Dark.svg","contentUrl":"https:\/\/naobay.com\/wp-content\/uploads\/2024\/09\/Naobay-Logo-Dark.svg","width":1,"height":1,"caption":"Naobay"},"image":{"@id":"https:\/\/naobay.com\/en\/#\/schema\/logo\/image\/"},"sameAs":["https:\/\/www.facebook.com\/naobaycosmetics","https:\/\/www.instagram.com\/naobaycosmetics\/"]}]}},"_links":{"self":[{"href":"https:\/\/naobay.com\/en\/wp-json\/wp\/v2\/pages\/1720","targetHints":{"allow":["GET"]}}],"collection":[{"href":"https:\/\/naobay.com\/en\/wp-json\/wp\/v2\/pages"}],"about":[{"href":"https:\/\/naobay.com\/en\/wp-json\/wp\/v2\/types\/page"}],"author":[{"embeddable":true,"href":"https:\/\/naobay.com\/en\/wp-json\/wp\/v2\/users\/1"}],"replies":[{"embeddable":true,"href":"https:\/\/naobay.com\/en\/wp-json\/wp\/v2\/comments?post=1720"}],"version-history":[{"count":1,"href":"https:\/\/naobay.com\/en\/wp-json\/wp\/v2\/pages\/1720\/revisions"}],"predecessor-version":[{"id":1958,"href":"https:\/\/naobay.com\/en\/wp-json\/wp\/v2\/pages\/1720\/revisions\/1958"}],"wp:attachment":[{"href":"https:\/\/naobay.com\/en\/wp-json\/wp\/v2\/media?parent=1720"}],"curies":[{"name":"wp","href":"https:\/\/api.w.org\/{rel}","templated":true}]}}